{"id":2187,"date":"2026-02-13T14:43:04","date_gmt":"2026-02-13T12:43:04","guid":{"rendered":"https:\/\/www.oldtimerfreunde-uedem.de\/?page_id=2187"},"modified":"2026-02-21T09:04:40","modified_gmt":"2026-02-21T07:04:40","slug":"uedemer-oldtimertreffen","status":"publish","type":"page","link":"https:\/\/www.oldtimerfreunde-uedem.de\/?page_id=2187","title":{"rendered":"Oldtimertreffen an der Hohe M\u00fchle"},"content":{"rendered":"\n<p>Lieber Oldtimerfreunde,<\/p>\n\n\n\n<p>die Uedemer Oldtimerfreunde laden zum traditionellen Treffen am dritten Sonntag in August, im Schatten der Hohen M\u00fchle ein.<\/p>\n\n\n\n<p>Herzlich willkommen sind Old- und Youngtimer, Automobile und Motorr\u00e4der in der Zeit von 11:00 bis 17:00 Uhr.<\/p>\n\n\n\n<p>Oldtimerfreunde und Interessierte treffen sich zu Benzingespr\u00e4chen, gucken, staunen und vor allem um einen unbeschwerten Sonntag zu verbringen.<\/p>\n\n\n\n<p>F\u00fcr das leibliche Wohl sorgt ein vielf\u00e4ltiges Angebot wie, Kaffee, Kuchen, Eis, Pommes und Co., Poffertjes und nat\u00fcrlich gek\u00fchlte Getr\u00e4nke.<\/p>\n\n\n\n<p>Besucherparkpl\u00e4tze findet Ihr rundum der Hohe M\u00fchle. Bitte befolgt ggf. den Angaben unserer Helfer. Bitte beachtet die Verkehrsregeln!<\/p>\n\n\n\n<p>Es handelt sich um eine \u00f6ffentliche Veranstaltung und es werden Fotos gemacht. Mit dem Betreten des Gel\u00e4ndes erteilt Ihr Euer Einverst\u00e4ndnis das diese Fotos und ggf. Filmaufnahmen unter Wahrung der Pers\u00f6nlichkeitsrechte in unseren Print- oder Onlinemedien kostenlos genutzt werden.<\/p>\n\n\n\n<p>Wir bedanken uns f\u00fcr Euer Verst\u00e4ndnis und freuen uns auf einen sch\u00f6nen Sonntag mit zahlreichen G\u00e4sten aus nah und fern.<\/p>\n\n\n\n<p>Eure Oldtimerfreunde Uedem.<\/p>\n\n\n\n<div class=\"wp-block-columns is-layout-flex wp-container-core-columns-is-layout-9d6595d7 wp-block-columns-is-layout-flex\">\n<div class=\"wp-block-column is-vertically-aligned-stretch is-layout-flow wp-block-column-is-layout-flow\" style=\"flex-basis:100%\">\n<figure class=\"wp-block-image size-full is-resized\"><img loading=\"lazy\" decoding=\"async\" width=\"1080\" height=\"1558\" src=\"https:\/\/www.oldtimerfreunde-uedem.de\/wp-content\/uploads\/2026\/02\/flyer-2025.jpg\" alt=\"\" class=\"wp-image-2197\" style=\"aspect-ratio:0.6932033577037638;width:429px;height:auto\" srcset=\"https:\/\/oldtimerfreunde-uedem.de\/wp-content\/uploads\/2026\/02\/flyer-2025.jpg 1080w, https:\/\/oldtimerfreunde-uedem.de\/wp-content\/uploads\/2026\/02\/flyer-2025-768x1108.jpg 768w, https:\/\/oldtimerfreunde-uedem.de\/wp-content\/uploads\/2026\/02\/flyer-2025-1065x1536.jpg 1065w\" sizes=\"auto, (max-width: 1080px) 100vw, 1080px\" \/><\/figure>\n<\/div>\n<\/div>\n","protected":false},"excerpt":{"rendered":"<p>Lieber Oldtimerfreunde, die Uedemer Oldtimerfreunde laden zum traditionellen Treffen am dritten Sonntag in August, im Schatten der Hohen M\u00fchle ein. Herzlich willkommen sind Old- und Youngtimer, Automobile und Motorr\u00e4der in der Zeit von 11:00 bis 17:00 Uhr. Oldtimerfreunde und Interessierte &hellip; <a href=\"https:\/\/www.oldtimerfreunde-uedem.de\/?page_id=2187\">Weiter<\/a><\/p>\n","protected":false},"author":1,"featured_media":0,"parent":0,"menu_order":0,"comment_status":"closed","ping_status":"closed","template":"","meta":{"footnotes":""},"class_list":["post-2187","page","type-page","status-publish","hentry"],"_links":{"self":[{"href":"https:\/\/www.oldtimerfreunde-uedem.de\/index.php?rest_route=\/wp\/v2\/pages\/2187","targetHints":{"allow":["GET"]}}],"collection":[{"href":"https:\/\/www.oldtimerfreunde-uedem.de\/index.php?rest_route=\/wp\/v2\/pages"}],"about":[{"href":"https:\/\/www.oldtimerfreunde-uedem.de\/index.php?rest_route=\/wp\/v2\/types\/page"}],"author":[{"embeddable":true,"href":"https:\/\/www.oldtimerfreunde-uedem.de\/index.php?rest_route=\/wp\/v2\/users\/1"}],"replies":[{"embeddable":true,"href":"https:\/\/www.oldtimerfreunde-uedem.de\/index.php?rest_route=%2Fwp%2Fv2%2Fcomments&post=2187"}],"version-history":[{"count":8,"href":"https:\/\/www.oldtimerfreunde-uedem.de\/index.php?rest_route=\/wp\/v2\/pages\/2187\/revisions"}],"predecessor-version":[{"id":2207,"href":"https:\/\/www.oldtimerfreunde-uedem.de\/index.php?rest_route=\/wp\/v2\/pages\/2187\/revisions\/2207"}],"wp:attachment":[{"href":"https:\/\/www.oldtimerfreunde-uedem.de\/index.php?rest_route=%2Fwp%2Fv2%2Fmedia&parent=2187"}],"curies":[{"name":"wp","href":"https:\/\/api.w.org\/{rel}","templated":true}]}}